{"id":107,"date":"2025-05-19T16:15:15","date_gmt":"2025-05-19T16:15:15","guid":{"rendered":"https:\/\/www.la-lezarde.be\/?page_id=107"},"modified":"2025-05-24T14:40:00","modified_gmt":"2025-05-24T14:40:00","slug":"page-daccueil","status":"publish","type":"page","link":"https:\/\/www.la-lezarde.be\/?page_id=107","title":{"rendered":"Page d&rsquo;accueil"},"content":{"rendered":"\n<p>Bonjour,<\/p>\n\n\n\n<p>Avez-vous vu que le Birel change&nbsp;? Remarqu\u00e9 du mouvement autour de la ferme&nbsp;? Entendu des rythmes endiabl\u00e9s&nbsp;sortir de ses murs lors des Aralunaires?&nbsp;Observ\u00e9 la naissance d\u2019un verger?<\/p>\n\n\n\n<p>Si l\u2019avenir de l\u2019agriculture vous int\u00e9resse, l\u2019id\u00e9e d\u2019un espace partag\u00e9 vous anime, la qualit\u00e9 de vie et de vue dans la vall\u00e9e de Clairefontaine vous importe ou si vous avez tout simplement envie de participer \u00e0 un moment convivial, de vous informer sur la vall\u00e9e et ses environs et d\u2019\u00e9changer sur le devenir de nos territoires de vie, alors,\u00a0<strong>c\u2019est avec plaisir que nous vous accueillerons le week-end du 13, 14 et 15 juin 2025 au Birel.<\/strong> D\u00e9couvrez <a href=\"https:\/\/www.la-lezarde.be\/?page_id=141\" data-type=\"page\" data-id=\"141\">ici le beau programme<\/a> que nous vous proposons.\u00a0<\/p>\n\n\n\n<p class=\"has-black-color has-text-color has-link-color wp-elements-9bd279e5a66c4aad13c77cd295d7ce53\"><strong>La L\u00e9zarde<\/strong>, comit\u00e9 vivant de la vall\u00e9e imprenable.<\/p>\n\n\n\n<p><\/p>\n","protected":false},"excerpt":{"rendered":"<p>Bonjour, Avez-vous vu que le Birel change&nbsp;? Remarqu\u00e9 du mouvement autour de la ferme&nbsp;? Entendu des rythmes endiabl\u00e9s&nbsp;sortir de ses murs lors des Aralunaires?&nbsp;Observ\u00e9 la naissance d\u2019un verger? Si l\u2019avenir de l\u2019agriculture vous int\u00e9resse, l\u2019id\u00e9e<span class=\"more-button\"><a href=\"https:\/\/www.la-lezarde.be\/?page_id=107\" class=\"more-link\">Lire la suite<span class=\"screen-reader-text\">Page d&rsquo;accueil<\/span><i class=\"fa fa-angle-right\" aria-hidden=\"true\"><\/i><\/a><\/span><\/p>\n","protected":false},"author":2,"featured_media":0,"parent":0,"menu_order":0,"comment_status":"closed","ping_status":"closed","template":"","meta":{"footnotes":""},"class_list":["post-107","page","type-page","status-publish","hentry"],"_links":{"self":[{"href":"https:\/\/www.la-lezarde.be\/index.php?rest_route=\/wp\/v2\/pages\/107","targetHints":{"allow":["GET"]}}],"collection":[{"href":"https:\/\/www.la-lezarde.be\/index.php?rest_route=\/wp\/v2\/pages"}],"about":[{"href":"https:\/\/www.la-lezarde.be\/index.php?rest_route=\/wp\/v2\/types\/page"}],"author":[{"embeddable":true,"href":"https:\/\/www.la-lezarde.be\/index.php?rest_route=\/wp\/v2\/users\/2"}],"replies":[{"embeddable":true,"href":"https:\/\/www.la-lezarde.be\/index.php?rest_route=%2Fwp%2Fv2%2Fcomments&post=107"}],"version-history":[{"count":4,"href":"https:\/\/www.la-lezarde.be\/index.php?rest_route=\/wp\/v2\/pages\/107\/revisions"}],"predecessor-version":[{"id":145,"href":"https:\/\/www.la-lezarde.be\/index.php?rest_route=\/wp\/v2\/pages\/107\/revisions\/145"}],"wp:attachment":[{"href":"https:\/\/www.la-lezarde.be\/index.php?rest_route=%2Fwp%2Fv2%2Fmedia&parent=107"}],"curies":[{"name":"wp","href":"https:\/\/api.w.org\/{rel}","templated":true}]}}