{"id":21,"date":"2025-05-19T15:29:08","date_gmt":"2025-05-19T15:29:08","guid":{"rendered":"https:\/\/www.la-lezarde.be\/?page_id=21"},"modified":"2025-05-29T12:30:23","modified_gmt":"2025-05-29T12:30:23","slug":"la-ferme","status":"publish","type":"page","link":"https:\/\/www.la-lezarde.be\/?page_id=21","title":{"rendered":"La ferme"},"content":{"rendered":"\n<p>Le Birel, c&rsquo;est la ferme familiale et historique \u00e9tablie \u00e0 la porte sud de la ville d&rsquo;Arlon. La ferme \u00e9l\u00e8ve des moutons, des bovins et cultive en agriculture biologique. Vous pouvez la localiser sur la carte <a href=\"https:\/\/www.la-lezarde.be\/wp-content\/uploads\/2025\/05\/Capture-decran-2025-05-25-a-16.22.47.png\">ici<\/a>. L&rsquo;adresse, c&rsquo;est &#8230; Le Birel \u00e0 Arlon !<\/p>\n\n\n\n<figure class=\"wp-block-image size-large\"><img loading=\"lazy\" decoding=\"async\" width=\"1024\" height=\"768\" src=\"https:\/\/www.la-lezarde.be\/wp-content\/uploads\/2025\/05\/IMG_0380-1-1024x768.jpg\" alt=\"\" class=\"wp-image-197\" srcset=\"https:\/\/www.la-lezarde.be\/wp-content\/uploads\/2025\/05\/IMG_0380-1-1024x768.jpg 1024w, https:\/\/www.la-lezarde.be\/wp-content\/uploads\/2025\/05\/IMG_0380-1-300x225.jpg 300w, https:\/\/www.la-lezarde.be\/wp-content\/uploads\/2025\/05\/IMG_0380-1-768x576.jpg 768w, https:\/\/www.la-lezarde.be\/wp-content\/uploads\/2025\/05\/IMG_0380-1-1536x1152.jpg 1536w, https:\/\/www.la-lezarde.be\/wp-content\/uploads\/2025\/05\/IMG_0380-1-2048x1536.jpg 2048w, https:\/\/www.la-lezarde.be\/wp-content\/uploads\/2025\/05\/IMG_0380-1-666x499.jpg 666w\" sizes=\"auto, (max-width: 1024px) 100vw, 1024px\" \/><\/figure>\n","protected":false},"excerpt":{"rendered":"<p>Le Birel, c&rsquo;est la ferme familiale et historique \u00e9tablie \u00e0 la porte sud de la ville d&rsquo;Arlon. La ferme \u00e9l\u00e8ve des moutons, des bovins et cultive en agriculture biologique. Vous pouvez la localiser sur la<span class=\"more-button\"><a href=\"https:\/\/www.la-lezarde.be\/?page_id=21\" class=\"more-link\">Lire la suite<span class=\"screen-reader-text\">La ferme<\/span><i class=\"fa fa-angle-right\" aria-hidden=\"true\"><\/i><\/a><\/span><\/p>\n","protected":false},"author":2,"featured_media":163,"parent":0,"menu_order":0,"comment_status":"closed","ping_status":"closed","template":"","meta":{"footnotes":""},"class_list":["post-21","page","type-page","status-publish","has-post-thumbnail","hentry"],"_links":{"self":[{"href":"https:\/\/www.la-lezarde.be\/index.php?rest_route=\/wp\/v2\/pages\/21","targetHints":{"allow":["GET"]}}],"collection":[{"href":"https:\/\/www.la-lezarde.be\/index.php?rest_route=\/wp\/v2\/pages"}],"about":[{"href":"https:\/\/www.la-lezarde.be\/index.php?rest_route=\/wp\/v2\/types\/page"}],"author":[{"embeddable":true,"href":"https:\/\/www.la-lezarde.be\/index.php?rest_route=\/wp\/v2\/users\/2"}],"replies":[{"embeddable":true,"href":"https:\/\/www.la-lezarde.be\/index.php?rest_route=%2Fwp%2Fv2%2Fcomments&post=21"}],"version-history":[{"count":7,"href":"https:\/\/www.la-lezarde.be\/index.php?rest_route=\/wp\/v2\/pages\/21\/revisions"}],"predecessor-version":[{"id":283,"href":"https:\/\/www.la-lezarde.be\/index.php?rest_route=\/wp\/v2\/pages\/21\/revisions\/283"}],"wp:featuredmedia":[{"embeddable":true,"href":"https:\/\/www.la-lezarde.be\/index.php?rest_route=\/wp\/v2\/media\/163"}],"wp:attachment":[{"href":"https:\/\/www.la-lezarde.be\/index.php?rest_route=%2Fwp%2Fv2%2Fmedia&parent=21"}],"curies":[{"name":"wp","href":"https:\/\/api.w.org\/{rel}","templated":true}]}}