{"id":23,"date":"2025-05-19T15:29:08","date_gmt":"2025-05-19T15:29:08","guid":{"rendered":"https:\/\/www.la-lezarde.be\/?page_id=23"},"modified":"2025-05-25T13:51:49","modified_gmt":"2025-05-25T13:51:49","slug":"le-comite-vivant","status":"publish","type":"page","link":"https:\/\/www.la-lezarde.be\/?page_id=23","title":{"rendered":"Le comit\u00e9"},"content":{"rendered":"\n<p>La L\u00e9zarde, comit\u00e9 vivant de la vall\u00e9e imprenable: nous sommes des femmes et des hommes d&rsquo;Arlon et d&rsquo;ailleurs qui nous mobilisons pour un devenir souhaitable de nos territoires de vie au Birel, dans la vall\u00e9e de Clairefontaine et au del\u00e0.<\/p>\n\n\n\n<figure class=\"wp-block-image size-large\"><img loading=\"lazy\" decoding=\"async\" width=\"1024\" height=\"768\" src=\"https:\/\/www.la-lezarde.be\/wp-content\/uploads\/2025\/05\/signal-2025-05-05-19293414-1-1024x768.jpeg\" alt=\"\" class=\"wp-image-199\" srcset=\"https:\/\/www.la-lezarde.be\/wp-content\/uploads\/2025\/05\/signal-2025-05-05-19293414-1-1024x768.jpeg 1024w, https:\/\/www.la-lezarde.be\/wp-content\/uploads\/2025\/05\/signal-2025-05-05-19293414-1-300x225.jpeg 300w, https:\/\/www.la-lezarde.be\/wp-content\/uploads\/2025\/05\/signal-2025-05-05-19293414-1-768x576.jpeg 768w, https:\/\/www.la-lezarde.be\/wp-content\/uploads\/2025\/05\/signal-2025-05-05-19293414-1-1536x1152.jpeg 1536w, https:\/\/www.la-lezarde.be\/wp-content\/uploads\/2025\/05\/signal-2025-05-05-19293414-1-666x499.jpeg 666w, https:\/\/www.la-lezarde.be\/wp-content\/uploads\/2025\/05\/signal-2025-05-05-19293414-1.jpeg 2048w\" sizes=\"auto, (max-width: 1024px) 100vw, 1024px\" \/><\/figure>\n","protected":false},"excerpt":{"rendered":"<p>La L\u00e9zarde, comit\u00e9 vivant de la vall\u00e9e imprenable: nous sommes des femmes et des hommes d&rsquo;Arlon et d&rsquo;ailleurs qui nous mobilisons pour un devenir souhaitable de nos territoires de vie au Birel, dans la vall\u00e9e<span class=\"more-button\"><a href=\"https:\/\/www.la-lezarde.be\/?page_id=23\" class=\"more-link\">Lire la suite<span class=\"screen-reader-text\">Le comit\u00e9<\/span><i class=\"fa fa-angle-right\" aria-hidden=\"true\"><\/i><\/a><\/span><\/p>\n","protected":false},"author":2,"featured_media":0,"parent":0,"menu_order":0,"comment_status":"closed","ping_status":"closed","template":"","meta":{"footnotes":""},"class_list":["post-23","page","type-page","status-publish","hentry"],"_links":{"self":[{"href":"https:\/\/www.la-lezarde.be\/index.php?rest_route=\/wp\/v2\/pages\/23","targetHints":{"allow":["GET"]}}],"collection":[{"href":"https:\/\/www.la-lezarde.be\/index.php?rest_route=\/wp\/v2\/pages"}],"about":[{"href":"https:\/\/www.la-lezarde.be\/index.php?rest_route=\/wp\/v2\/types\/page"}],"author":[{"embeddable":true,"href":"https:\/\/www.la-lezarde.be\/index.php?rest_route=\/wp\/v2\/users\/2"}],"replies":[{"embeddable":true,"href":"https:\/\/www.la-lezarde.be\/index.php?rest_route=%2Fwp%2Fv2%2Fcomments&post=23"}],"version-history":[{"count":5,"href":"https:\/\/www.la-lezarde.be\/index.php?rest_route=\/wp\/v2\/pages\/23\/revisions"}],"predecessor-version":[{"id":200,"href":"https:\/\/www.la-lezarde.be\/index.php?rest_route=\/wp\/v2\/pages\/23\/revisions\/200"}],"wp:attachment":[{"href":"https:\/\/www.la-lezarde.be\/index.php?rest_route=%2Fwp%2Fv2%2Fmedia&parent=23"}],"curies":[{"name":"wp","href":"https:\/\/api.w.org\/{rel}","templated":true}]}}