{"id":66,"date":"2025-05-19T15:43:59","date_gmt":"2025-05-19T15:43:59","guid":{"rendered":"https:\/\/www.la-lezarde.be\/?page_id=66"},"modified":"2025-05-26T05:55:03","modified_gmt":"2025-05-26T05:55:03","slug":"histoire-de-la-mobilisation","status":"publish","type":"page","link":"https:\/\/www.la-lezarde.be\/?page_id=66","title":{"rendered":"Histoire de la mobilisation"},"content":{"rendered":"\n<p>Ces jours-ci, toutes nos \u00e9nergies vont \u00e0 la pr\u00e9paration de l&rsquo;op\u00e9ration <a href=\"https:\/\/www.la-lezarde.be\/?page_id=141\" data-type=\"page\" data-id=\"141\">\u00ab\u00a0Grange ouverte\u00a0\u00bb des 13-14-15 juin.<\/a> Quand nous aurons un peu plus de temps, nous alimenterons les nombreuses pages du site de La L\u00e9zarde de textes, de r\u00e9cits, d&rsquo;analyse et de photos qui devraient vous apporter des \u00e9clairages diversifi\u00e9s sur nos territoires de vie, tels qu&rsquo;ils sont et tels que nous les d\u00e9sirons.<\/p>\n\n\n\n<figure class=\"wp-block-image size-large\"><img loading=\"lazy\" decoding=\"async\" width=\"1024\" height=\"768\" src=\"https:\/\/www.la-lezarde.be\/wp-content\/uploads\/2025\/05\/IMG_0358-1-1024x768.jpg\" alt=\"\" class=\"wp-image-203\" srcset=\"https:\/\/www.la-lezarde.be\/wp-content\/uploads\/2025\/05\/IMG_0358-1-1024x768.jpg 1024w, https:\/\/www.la-lezarde.be\/wp-content\/uploads\/2025\/05\/IMG_0358-1-300x225.jpg 300w, https:\/\/www.la-lezarde.be\/wp-content\/uploads\/2025\/05\/IMG_0358-1-768x576.jpg 768w, https:\/\/www.la-lezarde.be\/wp-content\/uploads\/2025\/05\/IMG_0358-1-1536x1152.jpg 1536w, https:\/\/www.la-lezarde.be\/wp-content\/uploads\/2025\/05\/IMG_0358-1-2048x1536.jpg 2048w, https:\/\/www.la-lezarde.be\/wp-content\/uploads\/2025\/05\/IMG_0358-1-666x499.jpg 666w\" sizes=\"auto, (max-width: 1024px) 100vw, 1024px\" \/><\/figure>\n","protected":false},"excerpt":{"rendered":"<p>Ces jours-ci, toutes nos \u00e9nergies vont \u00e0 la pr\u00e9paration de l&rsquo;op\u00e9ration \u00ab\u00a0Grange ouverte\u00a0\u00bb des 13-14-15 juin. Quand nous aurons un peu plus de temps, nous alimenterons les nombreuses pages du site de La L\u00e9zarde de<span class=\"more-button\"><a href=\"https:\/\/www.la-lezarde.be\/?page_id=66\" class=\"more-link\">Lire la suite<span class=\"screen-reader-text\">Histoire de la mobilisation<\/span><i class=\"fa fa-angle-right\" aria-hidden=\"true\"><\/i><\/a><\/span><\/p>\n","protected":false},"author":2,"featured_media":0,"parent":0,"menu_order":0,"comment_status":"closed","ping_status":"closed","template":"","meta":{"footnotes":""},"class_list":["post-66","page","type-page","status-publish","hentry"],"_links":{"self":[{"href":"https:\/\/www.la-lezarde.be\/index.php?rest_route=\/wp\/v2\/pages\/66","targetHints":{"allow":["GET"]}}],"collection":[{"href":"https:\/\/www.la-lezarde.be\/index.php?rest_route=\/wp\/v2\/pages"}],"about":[{"href":"https:\/\/www.la-lezarde.be\/index.php?rest_route=\/wp\/v2\/types\/page"}],"author":[{"embeddable":true,"href":"https:\/\/www.la-lezarde.be\/index.php?rest_route=\/wp\/v2\/users\/2"}],"replies":[{"embeddable":true,"href":"https:\/\/www.la-lezarde.be\/index.php?rest_route=%2Fwp%2Fv2%2Fcomments&post=66"}],"version-history":[{"count":4,"href":"https:\/\/www.la-lezarde.be\/index.php?rest_route=\/wp\/v2\/pages\/66\/revisions"}],"predecessor-version":[{"id":260,"href":"https:\/\/www.la-lezarde.be\/index.php?rest_route=\/wp\/v2\/pages\/66\/revisions\/260"}],"wp:attachment":[{"href":"https:\/\/www.la-lezarde.be\/index.php?rest_route=%2Fwp%2Fv2%2Fmedia&parent=66"}],"curies":[{"name":"wp","href":"https:\/\/api.w.org\/{rel}","templated":true}]}}